{"id":12141,"date":"2017-04-14T19:07:11","date_gmt":"2017-04-14T17:07:11","guid":{"rendered":"http:\/\/karmaka.de\/?page_id=12141"},"modified":"2019-08-05T11:58:51","modified_gmt":"2019-08-05T09:58:51","slug":"san-carlos-prov","status":"publish","type":"page","link":"https:\/\/karmaka.de\/?page_id=12141","title":{"rendered":"San Carlos (prov)"},"content":{"rendered":"<div class=\"su-spacer\" style=\"height:10px\"><\/div>\n<p style=\"text-align: center;\"><strong><span style=\"font-size: 24pt;\">San Carlos (Maldonado) (prov.)<\/span><\/strong><\/p>\n<p style=\"text-align: center;\"><span style=\"font-size: 22pt;\">Fall (LL6, S4, W0) in San Carlos, Maldonado, Uruguay, ~ 2:45 p.m. local (5:45 p.m. UTC) on 18 September 2015<\/span><\/p>\n<div class=\"su-spacer\" style=\"height:10px\"><\/div>\n<div id=\"attachment_12155\" style=\"width: 2396px\" class=\"wp-caption alignleft\"><a href=\"http:\/\/karmaka.de\/wp-content\/uploads\/2017\/03\/1-Meteorito.jpg\"><img loading=\"lazy\" decoding=\"async\" aria-describedby=\"caption-attachment-12155\" class=\"size-full wp-image-12155\" src=\"http:\/\/karmaka.de\/wp-content\/uploads\/2017\/03\/1-Meteorito.jpg\" alt=\"\" width=\"2386\" height=\"1591\" srcset=\"https:\/\/karmaka.de\/wp-content\/uploads\/2017\/03\/1-Meteorito.jpg 2386w, https:\/\/karmaka.de\/wp-content\/uploads\/2017\/03\/1-Meteorito-300x200.jpg 300w, https:\/\/karmaka.de\/wp-content\/uploads\/2017\/03\/1-Meteorito-768x512.jpg 768w, https:\/\/karmaka.de\/wp-content\/uploads\/2017\/03\/1-Meteorito-1024x683.jpg 1024w\" sizes=\"(max-width: 2386px) 100vw, 2386px\" \/><\/a><p id=\"caption-attachment-12155\" class=\"wp-caption-text\">San Carlos (prov.) meteorite. Image: Departamento de Astronom\u00eda, Facultad de Ciencias<\/p><\/div>\n<div class=\"su-spacer\" style=\"height:10px\"><\/div>\nThe regmaglypted wedge-shaped meteorite (LL6, breccia) weighs 712 grams. Its maximum dimensions are ~ 10 (L) x 9.1 (H) x 6 (B) cm. It has a volume of 208 cm\u00b3 (3.42 g\/cm\u00b3).<\/p>\n<p><a href=\"http:\/\/karmaka.de\/wp-content\/uploads\/2017\/04\/fall-location-zoom.jpg\"><img loading=\"lazy\" decoding=\"async\" class=\"alignleft size-thumbnail wp-image-12316\" src=\"http:\/\/karmaka.de\/wp-content\/uploads\/2017\/04\/fall-location-zoom-150x150.jpg\" alt=\"\" width=\"150\" height=\"150\" \/><\/a><\/p>\n<p style=\"text-align: justify;\">The meteorite fell into the Olivera-Torres family&#8217;s one-storey building in INE 14 ( <a href=\"https:\/\/www.google.de\/maps\/place\/34%C2%B047'20.8%22S+54%C2%B056'01.1%22W\/@-34.7891111,-54.9358329,898m\/data=!3m1!1e3!4m5!3m4!1s0x0:0x0!8m2!3d-34.7891111!4d-54.9336389?hl=de\" target=\"_blank\" rel=\"noopener noreferrer\">34\u00b047&#8217;20.8&#8243;S, 54\u00b056&#8217;01.1&#8243;W<\/a> ) in the western Lavagna district of San Carlos in the department Maldonado, Uruguay. The home owner and his wife had gone out. Their daughter who usually sleeps in her parents&#8217; bed while they are absent had decided to sleep in her own room for a change after she had come home around sunset. She went to bed at about 2 a.m. local on 19 September. After waking up the next morning she was surprised to see daylight shining through the ceiling of her parents&#8217; bedroom. After she had seen the hole in the wooden ceiling panel she noticed that the fabric and the wooden grill near the edge of her parents&#8217; bed was broken and a yellow floor tile below had been splintered and broken.<\/p>\n<div id=\"attachment_12326\" style=\"width: 310px\" class=\"wp-caption alignright\"><a href=\"http:\/\/karmaka.de\/wp-content\/uploads\/2017\/04\/bedroom.jpg\"><img loading=\"lazy\" decoding=\"async\" aria-describedby=\"caption-attachment-12326\" class=\"size-medium wp-image-12326\" src=\"http:\/\/karmaka.de\/wp-content\/uploads\/2017\/04\/bedroom-300x267.jpg\" alt=\"\" width=\"300\" height=\"267\" srcset=\"https:\/\/karmaka.de\/wp-content\/uploads\/2017\/04\/bedroom-300x267.jpg 300w, https:\/\/karmaka.de\/wp-content\/uploads\/2017\/04\/bedroom-768x683.jpg 768w, https:\/\/karmaka.de\/wp-content\/uploads\/2017\/04\/bedroom-1024x910.jpg 1024w\" sizes=\"(max-width: 300px) 100vw, 300px\" \/><\/a><p id=\"caption-attachment-12326\" class=\"wp-caption-text\">The parents&#8217; bedroom hit by the meteorite. The photo shows the broken ceiling panel, the hit bed below as well as the damaged TV set. Image: Departamento de Astronom\u00eda, Facultad de Ciencias<\/p><\/div>\n<p style=\"text-align: justify;\">Then she saw the meteorite on the floor next to western wall of the room but thought it was an ordinary stone somebody had thrown at the house. She called the parents who came home and removed the fragments of the corrugated fibre cement roof sheet (dolmenit) and the wooden ceiling panels which were scattered all over the room. When they switched on the TV set they noticed strange colourful distortions on the screen which indicated that the TV screen had equally been hit by an object during the fall of the meteorite. Because of the rock&#8217;s enormous penetrating power the family suspected that the object had to be a fallen meteorite and contacted Gonzalo Tancredi of the Departamento de Astronom\u00eda de la Facultad de Ciencias and sent photos. The scientists believed that other meteorites might have fallen west of San Carlo but a couple of searches did not result in any further finds. The family gave the meteorite to the Facultad de Ciencias de la Universidad de la Rep\u00fablica for research. A fragment of the meteorite was sent to the National Museum of Rio de Janeiro for classification. On 14 October 2015 a press conference about this fall was held. The petrological and geochemical analyses were performed by the Instituto de Ciencias Geol\u00f3gicas (Uruguay) and the Museu Nacional de Rio de Janeiro (Brasil). Four additional fragments are reported to have been found north of San Carlos. On 16 September 2016 Jos\u00e9 Mar\u00eda Monz\u00f3n and Valentina Pezano claim to have found a specimen of 1.45 g at a location 2.4 km north of the find location of the main mass. Some time later Jos\u00e9 Mar\u00eda Monz\u00f3n is reported to have found two other specimens (~ 50 g, 4.5 g). Another specimen of unknown mass is reported to have been found by San Carlos Farmer Mr. Enrique Martinez. At the ACM 2017 on 14 April 2017 the oral presentation <a href=\"http:\/\/acm2017.uy\/abstracts\/Parallel8.c.5.pdf\" target=\"_blank\" rel=\"noopener noreferrer\">A METEORITE IMPACT[S] A HOUSE IN SAN CARLOS, URUGUAY<\/a> (Pablo N\u00fa\u00f1ez Demarco, G. Tancredi, M.E. Zucolotto, L.L. Antonello and J.M. Monz\u00f3n) was presented by Pablo N\u00fa\u00f1ez Demarco. The main mass of the meteorite was presented as well.<\/p>\n[wc_row][wc_column size=&#8221;one-half&#8221; position=&#8221;first&#8221;]\n<div id=\"attachment_12160\" style=\"width: 2965px\" class=\"wp-caption alignleft\"><a href=\"http:\/\/karmaka.de\/wp-content\/uploads\/2017\/03\/San-Carlos-3.jpg\"><img loading=\"lazy\" decoding=\"async\" aria-describedby=\"caption-attachment-12160\" class=\"size-full wp-image-12160\" src=\"http:\/\/karmaka.de\/wp-content\/uploads\/2017\/03\/San-Carlos-3.jpg\" alt=\"\" width=\"2955\" height=\"1970\" srcset=\"https:\/\/karmaka.de\/wp-content\/uploads\/2017\/03\/San-Carlos-3.jpg 2955w, https:\/\/karmaka.de\/wp-content\/uploads\/2017\/03\/San-Carlos-3-300x200.jpg 300w, https:\/\/karmaka.de\/wp-content\/uploads\/2017\/03\/San-Carlos-3-768x512.jpg 768w, https:\/\/karmaka.de\/wp-content\/uploads\/2017\/03\/San-Carlos-3-1024x683.jpg 1024w\" sizes=\"(max-width: 2955px) 100vw, 2955px\" \/><\/a><p id=\"caption-attachment-12160\" class=\"wp-caption-text\">Image: Departamento de Astronom\u00eda, Facultad de Ciencias<\/p><\/div>\n[\/wc_column][wc_column size=&#8221;one-half&#8221; position=&#8221;last&#8221;]\n<div id=\"attachment_12161\" style=\"width: 2872px\" class=\"wp-caption alignleft\"><a href=\"http:\/\/karmaka.de\/wp-content\/uploads\/2017\/03\/San-carlos-2.jpg\"><img loading=\"lazy\" decoding=\"async\" aria-describedby=\"caption-attachment-12161\" class=\"size-full wp-image-12161\" src=\"http:\/\/karmaka.de\/wp-content\/uploads\/2017\/03\/San-carlos-2.jpg\" alt=\"\" width=\"2862\" height=\"1908\" srcset=\"https:\/\/karmaka.de\/wp-content\/uploads\/2017\/03\/San-carlos-2.jpg 2862w, https:\/\/karmaka.de\/wp-content\/uploads\/2017\/03\/San-carlos-2-300x200.jpg 300w, https:\/\/karmaka.de\/wp-content\/uploads\/2017\/03\/San-carlos-2-768x512.jpg 768w, https:\/\/karmaka.de\/wp-content\/uploads\/2017\/03\/San-carlos-2-1024x683.jpg 1024w\" sizes=\"(max-width: 2862px) 100vw, 2862px\" \/><\/a><p id=\"caption-attachment-12161\" class=\"wp-caption-text\">Image: Departamento de Astronom\u00eda, Facultad de Ciencias<\/p><\/div>\n[\/wc_column][\/wc_row]\n[wc_row][wc_column size=&#8221;one-half&#8221; position=&#8221;first&#8221;]\n<div id=\"attachment_12324\" style=\"width: 1330px\" class=\"wp-caption alignleft\"><a href=\"http:\/\/karmaka.de\/wp-content\/uploads\/2017\/04\/intact-San-Carlos-meteorite.jpg\"><img loading=\"lazy\" decoding=\"async\" aria-describedby=\"caption-attachment-12324\" class=\"size-full wp-image-12324\" src=\"http:\/\/karmaka.de\/wp-content\/uploads\/2017\/04\/intact-San-Carlos-meteorite.jpg\" alt=\"\" width=\"1320\" height=\"1440\" srcset=\"https:\/\/karmaka.de\/wp-content\/uploads\/2017\/04\/intact-San-Carlos-meteorite.jpg 1320w, https:\/\/karmaka.de\/wp-content\/uploads\/2017\/04\/intact-San-Carlos-meteorite-275x300.jpg 275w, https:\/\/karmaka.de\/wp-content\/uploads\/2017\/04\/intact-San-Carlos-meteorite-768x838.jpg 768w, https:\/\/karmaka.de\/wp-content\/uploads\/2017\/04\/intact-San-Carlos-meteorite-939x1024.jpg 939w\" sizes=\"(max-width: 1320px) 100vw, 1320px\" \/><\/a><p id=\"caption-attachment-12324\" class=\"wp-caption-text\">The uncut regmaglypted San Carlos meteorite. Photo: Jose Maria Monzon<\/p><\/div>\n[\/wc_column][wc_column size=&#8221;one-half&#8221; position=&#8221;last&#8221;]\n<div id=\"attachment_12325\" style=\"width: 1331px\" class=\"wp-caption alignleft\"><a href=\"http:\/\/karmaka.de\/wp-content\/uploads\/2017\/04\/intact-San-Carlos-meteorite-2-sh.jpg\"><img loading=\"lazy\" decoding=\"async\" aria-describedby=\"caption-attachment-12325\" class=\"size-full wp-image-12325\" src=\"http:\/\/karmaka.de\/wp-content\/uploads\/2017\/04\/intact-San-Carlos-meteorite-2-sh.jpg\" alt=\"\" width=\"1321\" height=\"1440\" srcset=\"https:\/\/karmaka.de\/wp-content\/uploads\/2017\/04\/intact-San-Carlos-meteorite-2-sh.jpg 1321w, https:\/\/karmaka.de\/wp-content\/uploads\/2017\/04\/intact-San-Carlos-meteorite-2-sh-275x300.jpg 275w, https:\/\/karmaka.de\/wp-content\/uploads\/2017\/04\/intact-San-Carlos-meteorite-2-sh-768x837.jpg 768w, https:\/\/karmaka.de\/wp-content\/uploads\/2017\/04\/intact-San-Carlos-meteorite-2-sh-939x1024.jpg 939w\" sizes=\"(max-width: 1321px) 100vw, 1321px\" \/><\/a><p id=\"caption-attachment-12325\" class=\"wp-caption-text\">The uncut regmaglypted San Carlos meteorite. Photo: Maldonado Noticias<\/p><\/div>\n[\/wc_column][\/wc_row]\n[wc_row][wc_column size=&#8221;one-half&#8221; position=&#8221;first&#8221;]\n<div id=\"attachment_12163\" style=\"width: 1507px\" class=\"wp-caption alignleft\"><a href=\"http:\/\/karmaka.de\/wp-content\/uploads\/2017\/03\/impact-hole-in-roof-and-ceiling.jpg\"><img loading=\"lazy\" decoding=\"async\" aria-describedby=\"caption-attachment-12163\" class=\"size-full wp-image-12163\" src=\"http:\/\/karmaka.de\/wp-content\/uploads\/2017\/03\/impact-hole-in-roof-and-ceiling.jpg\" alt=\"\" width=\"1497\" height=\"1996\" srcset=\"https:\/\/karmaka.de\/wp-content\/uploads\/2017\/03\/impact-hole-in-roof-and-ceiling.jpg 1497w, https:\/\/karmaka.de\/wp-content\/uploads\/2017\/03\/impact-hole-in-roof-and-ceiling-225x300.jpg 225w, https:\/\/karmaka.de\/wp-content\/uploads\/2017\/03\/impact-hole-in-roof-and-ceiling-768x1024.jpg 768w\" sizes=\"(max-width: 1497px) 100vw, 1497px\" \/><\/a><p id=\"caption-attachment-12163\" class=\"wp-caption-text\">Impact hole in roof and ceiling panel. Image: Departamento de Astronom\u00eda, Facultad de Ciencias<\/p><\/div>\n[\/wc_column][wc_column size=&#8221;one-half&#8221; position=&#8221;last&#8221;]\n<div id=\"attachment_12164\" style=\"width: 1558px\" class=\"wp-caption alignleft\"><a href=\"http:\/\/karmaka.de\/wp-content\/uploads\/2017\/03\/San-Carlos-meteorite-at-its-find-location-in-bedroom.jpg\"><img loading=\"lazy\" decoding=\"async\" aria-describedby=\"caption-attachment-12164\" class=\"size-full wp-image-12164\" src=\"http:\/\/karmaka.de\/wp-content\/uploads\/2017\/03\/San-Carlos-meteorite-at-its-find-location-in-bedroom.jpg\" alt=\"\" width=\"1548\" height=\"2064\" srcset=\"https:\/\/karmaka.de\/wp-content\/uploads\/2017\/03\/San-Carlos-meteorite-at-its-find-location-in-bedroom.jpg 1548w, https:\/\/karmaka.de\/wp-content\/uploads\/2017\/03\/San-Carlos-meteorite-at-its-find-location-in-bedroom-225x300.jpg 225w, https:\/\/karmaka.de\/wp-content\/uploads\/2017\/03\/San-Carlos-meteorite-at-its-find-location-in-bedroom-768x1024.jpg 768w\" sizes=\"(max-width: 1548px) 100vw, 1548px\" \/><\/a><p id=\"caption-attachment-12164\" class=\"wp-caption-text\">Meteorite at its find location in bedroom. Image: Departamento de Astronom\u00eda, Facultad de Ciencias<\/p><\/div>\n[\/wc_column][\/wc_row]\n<div id=\"attachment_12317\" style=\"width: 1669px\" class=\"wp-caption alignleft\"><a href=\"http:\/\/karmaka.de\/wp-content\/uploads\/2017\/04\/fall-location-3.jpg\"><img loading=\"lazy\" decoding=\"async\" aria-describedby=\"caption-attachment-12317\" class=\"wp-image-12317 size-full\" src=\"http:\/\/karmaka.de\/wp-content\/uploads\/2017\/04\/fall-location-3.jpg\" alt=\"\" width=\"1659\" height=\"603\" srcset=\"https:\/\/karmaka.de\/wp-content\/uploads\/2017\/04\/fall-location-3.jpg 1659w, https:\/\/karmaka.de\/wp-content\/uploads\/2017\/04\/fall-location-3-300x109.jpg 300w, https:\/\/karmaka.de\/wp-content\/uploads\/2017\/04\/fall-location-3-768x279.jpg 768w, https:\/\/karmaka.de\/wp-content\/uploads\/2017\/04\/fall-location-3-1024x372.jpg 1024w\" sizes=\"(max-width: 1659px) 100vw, 1659px\" \/><\/a><p id=\"caption-attachment-12317\" class=\"wp-caption-text\">The area west of the hit house.<\/p><\/div>\n[wc_row][wc_column size=&#8221;one-half&#8221; position=&#8221;first&#8221;]\n<div id=\"attachment_12320\" style=\"width: 1280px\" class=\"wp-caption alignleft\"><a href=\"http:\/\/karmaka.de\/wp-content\/uploads\/2017\/04\/hit-house-in-San-Carlos-4-2.jpg\"><img loading=\"lazy\" decoding=\"async\" aria-describedby=\"caption-attachment-12320\" class=\"wp-image-12320 size-full\" src=\"http:\/\/karmaka.de\/wp-content\/uploads\/2017\/04\/hit-house-in-San-Carlos-4-2.jpg\" alt=\"\" width=\"1270\" height=\"847\" srcset=\"https:\/\/karmaka.de\/wp-content\/uploads\/2017\/04\/hit-house-in-San-Carlos-4-2.jpg 1270w, https:\/\/karmaka.de\/wp-content\/uploads\/2017\/04\/hit-house-in-San-Carlos-4-2-300x200.jpg 300w, https:\/\/karmaka.de\/wp-content\/uploads\/2017\/04\/hit-house-in-San-Carlos-4-2-768x512.jpg 768w, https:\/\/karmaka.de\/wp-content\/uploads\/2017\/04\/hit-house-in-San-Carlos-4-2-1024x683.jpg 1024w\" sizes=\"(max-width: 1270px) 100vw, 1270px\" \/><\/a><p id=\"caption-attachment-12320\" class=\"wp-caption-text\">The hit house at the western edge of San Carlos.<\/p><\/div>\n[\/wc_column][wc_column size=&#8221;one-half&#8221; position=&#8221;last&#8221;]\n<div id=\"attachment_12321\" style=\"width: 2410px\" class=\"wp-caption alignleft\"><a href=\"http:\/\/karmaka.de\/wp-content\/uploads\/2017\/04\/hit-house.jpg\"><img loading=\"lazy\" decoding=\"async\" aria-describedby=\"caption-attachment-12321\" class=\"size-full wp-image-12321\" src=\"http:\/\/karmaka.de\/wp-content\/uploads\/2017\/04\/hit-house.jpg\" alt=\"\" width=\"2400\" height=\"1600\" srcset=\"https:\/\/karmaka.de\/wp-content\/uploads\/2017\/04\/hit-house.jpg 2400w, https:\/\/karmaka.de\/wp-content\/uploads\/2017\/04\/hit-house-300x200.jpg 300w, https:\/\/karmaka.de\/wp-content\/uploads\/2017\/04\/hit-house-768x512.jpg 768w, https:\/\/karmaka.de\/wp-content\/uploads\/2017\/04\/hit-house-1024x683.jpg 1024w\" sizes=\"(max-width: 2400px) 100vw, 2400px\" \/><\/a><p id=\"caption-attachment-12321\" class=\"wp-caption-text\">The house hit by the meteorite. Image: Departamento de Astronom\u00eda, Facultad de Ciencias<\/p><\/div>\n[\/wc_column][\/wc_row]\n<div class=\"su-divider su-divider-style-default\" style=\"margin:15px 0;border-width:3px;border-color:#999999\"><\/div>\n<strong>UPDATE (26 September 2018):<\/strong><\/p>\n<p><span style=\"font-size: 14pt;\"><strong>A meteorite impacted a house in San Carlos, Uruguay<\/strong><\/span><\/p>\n<p>P. N\u00fa\u00f1ez Demarco, G. Tancredi, M.E. Zucolotto, L.L. Antonello, J.M. Monz\u00f3n, V. Pezano, A. Tosi, C. Villa\u00e7a<\/p>\n<p>Planetary and Space Science<br \/>\nIn Press, Accepted Manuscript, Available online 26 September 2018<\/p>\n<p><a href=\"https:\/\/www.sciencedirect.com\/science\/article\/pii\/S0032063317304580\" target=\"_blank\" rel=\"noopener noreferrer\"><strong>LINK\u00a0(OPEN ACCESS)<\/strong><\/a><\/p>\n<p>&#8220;Highlights<\/p>\n<p>\u2022 The paper presents the case of a meteorite that impacted a house in San Carlos (Uruguay).<br \/>\n\u2022 The meteorite is classified as a LL6 chondritic breccia, with a shock stage S4 and a degree of weathering W0.<br \/>\n\u2022 It is the first Uruguayan meteorite to be confirmed.&#8221;<\/p>\n<p>&#8220;Every year there are now almost two reports of meteorite falls that directly hit human beings or their belongings, which we call \u201cdamaging falls\u201d. A new damaging fall occurred on September 18, 2015, when a meteorite impacted a house in the city of San Carlos (Maldonado, Uruguay). A 712\u202fg stone broke through the asbestos cement roof and a wooden suspended ceiling. The meteorite and its fragments broke a wooden bed frame and a TV set. We conducted petrological and chemical analysis of the sample. The meteorite is classified as a LL6 chondritic breccia, with low content in siderophile minerals and moderate chondrule size. It has a shock stage S4 and a degree of weathering W0. This is the first Uruguayan meteorite to be confirmed. The prevalence of damaging falls is discussed.&#8221;<\/p>\n","protected":false},"excerpt":{"rendered":"<p>San Carlos (Maldonado) (prov.) Fall (LL6, S4, W0) in San Carlos, Maldonado, Uruguay, ~ 2:45 p.m. local (5:45 p.m. UTC) on 18 September 2015 The regmaglypted wedge-shaped meteorite (LL6, breccia) weighs 712 grams. Its maximum&#8230;<\/p>\n","protected":false},"author":1,"featured_media":0,"parent":64,"menu_order":17,"comment_status":"closed","ping_status":"closed","template":"page-template-wide.php","meta":{"footnotes":""},"_links":{"self":[{"href":"https:\/\/karmaka.de\/index.php?rest_route=\/wp\/v2\/pages\/12141"}],"collection":[{"href":"https:\/\/karmaka.de\/index.php?rest_route=\/wp\/v2\/pages"}],"about":[{"href":"https:\/\/karmaka.de\/index.php?rest_route=\/wp\/v2\/types\/page"}],"author":[{"embeddable":true,"href":"https:\/\/karmaka.de\/index.php?rest_route=\/wp\/v2\/users\/1"}],"replies":[{"embeddable":true,"href":"https:\/\/karmaka.de\/index.php?rest_route=%2Fwp%2Fv2%2Fcomments&post=12141"}],"version-history":[{"count":29,"href":"https:\/\/karmaka.de\/index.php?rest_route=\/wp\/v2\/pages\/12141\/revisions"}],"predecessor-version":[{"id":20203,"href":"https:\/\/karmaka.de\/index.php?rest_route=\/wp\/v2\/pages\/12141\/revisions\/20203"}],"up":[{"embeddable":true,"href":"https:\/\/karmaka.de\/index.php?rest_route=\/wp\/v2\/pages\/64"}],"wp:attachment":[{"href":"https:\/\/karmaka.de\/index.php?rest_route=%2Fwp%2Fv2%2Fmedia&parent=12141"}],"curies":[{"name":"wp","href":"https:\/\/api.w.org\/{rel}","templated":true}]}}