{"id":12845,"date":"2017-06-15T21:04:36","date_gmt":"2017-06-15T19:04:36","guid":{"rendered":"http:\/\/karmaka.de\/?page_id=12845"},"modified":"2021-01-04T20:57:07","modified_gmt":"2021-01-04T19:57:07","slug":"agua-branca-prov","status":"publish","type":"page","link":"https:\/\/karmaka.de\/?page_id=12845","title":{"rendered":"Tr\u00eas Irm\u00e3os"},"content":{"rendered":"\n<p class=\"has-text-align-center\"><span style=\"font-size: 24pt;\"><strong> Tr\u00eas Irm\u00e3os<\/strong><\/span><\/p>\n\n\n<div class=\"su-spacer\" style=\"height:20px\"><\/div>\n\n\n\n<p class=\"has-text-align-center\"><span style=\"font-size: 22pt;\">Meteorite fall in \u00c1gua Branca, Palmas de Monte Alto, Bahia, Brazil at ~11:20 a.m. (14:20 UTC) on 26 May 2017<\/span><\/p>\n\n\n<div class=\"su-spacer\" style=\"height:10px\"><\/div>\n\n\n\n<div class=\"wp-block-image\"><figure class=\"alignleft\"><a href=\"http:\/\/karmaka.de\/wp-content\/uploads\/2017\/08\/exact-fall-location.jpg\"><img loading=\"lazy\" decoding=\"async\" width=\"150\" height=\"150\" src=\"http:\/\/karmaka.de\/wp-content\/uploads\/2017\/08\/exact-fall-location-150x150.jpg\" alt=\"\" class=\"wp-image-13509\"\/><\/a><figcaption>The exact Tr\u00eas Irm\u00e3os fall location <a href=\"https:\/\/www.google.de\/maps\/place\/14%C2%B007'01.5%22S+43%C2%B003'51.1%22W\/@-14.1170781,-43.0663748,964m\/data=!3m1!1e3!4m5!3m4!1s0x0:0x0!8m2!3d-14.1170833!4d-43.0641861?hl=de\" target=\"_blank\" rel=\"noopener noreferrer\">14\u00b07&#8217;1.50&#8243;, 43\u00b03&#8217;51.07&#8243;W<\/a> (up is north).<\/figcaption><\/figure><\/div>\n\n\n\n<p class=\"justify-text\">The meteorite (9 cm (length), 5 cm (height), 6 cm (width), an ordinary chondrite (L6, S3, W0) weighing about 940 grams was found by Sirlene da Silva Paes (33) and the 12-year-old girl M\u00e1rcia Eduarda Paes. Together with Sirlene&#8217;s mother Euzane Silva Paes they had heard a loud noise which reminded Euzane of a bursting tire of a bike. Sirlene went out of the house, stood at the front door and at 11:30 a.m. local (14:30 UTC), minutes after they heard the rumbling thunder, saw the dust cloud caused by the impact. She went to the place and found the meteorite near the farm&#8217;s sandy dirt road on which it had impacted. It was found about six meters west of the shallow impact pit. According to Sirlene&#8217;s statements the meteorite was still hot when she touched it first. She immediately dropped it again and when she picked it up again moments later it was still lukewarm. The exact fall location in the rural \u00c1gua Branca area was here: <a href=\"https:\/\/www.google.de\/maps\/place\/14%C2%B007'01.5%22S+43%C2%B003'51.1%22W\/@-14.1170781,-43.0663748,964m\/data=!3m1!1e3!4m5!3m4!1s0x0:0x0!8m2!3d-14.1170833!4d-43.0641861?hl=de\" target=\"_blank\" rel=\"noopener noreferrer\">14\u00b07&#8217;1.50&#8243;, 43\u00b03&#8217;51.07&#8243;W<\/a><\/p>\n\n\n\n<div class=\"su-divider su-divider-style-default\" style=\"margin:15px 0;border-width:3px;border-color:#999999\"><\/div><br>\u201c<span style=\"font-size: 14pt;\">Talvez eu pegasse a pedra e jogasse nas vacas, como fa\u00e7o com as outras, se n\u00e3o tivesse visto a queda<\/span>\u201d<br>(Sirlene da Silva Paes)<br><div class=\"su-divider su-divider-style-default\" style=\"margin:15px 0;border-width:3px;border-color:#999999\"><\/div>\n\n\n\n<p class=\"justify-text\">Sirlene&#8217;s 9-year-old son Joa\u0303o Kevin apparently was the first to comprehend that the find was a meteorite. The meteorite was found about 70 meters away from the house of Sirlene&#8217;s father Jos\u00e9 Ot\u00edlio Francisco (<span class=\"notranslate\">&#8216;Bieba&#8217;<\/span>) Paes (71) who owns the Fazenda \u00c1gua Branca. After her find Sirlene took a photo of the meteorite and together with the help of neighbours and friends informed the history teacher <span class=\"notranslate\">Nilton Fl\u00e1vio Azevedo<\/span> who went to the fall location and confirmed that the found specimen was a meteorite indeed. He took photos and made films of the fall location and contacted Andr\u00e9 Moutinho who then contacted Maria Elizabeth Zucolotto. On 2 June 2017 Sirlene de Silva Paes sold the meteorite to the Universidade Federal da Bahia (UFBA), the Museu Nacional da Universidade Federal in Rio de Janeiro (UFRJ) and the Palmas de Monte Alto City Hall where the main mass is exhibited. All three institutions have received a part of the meteorite for research and exhibition. <span class=\"notranslate\">A sample of the meteorite was sent or given to Maria Elizabeth Zucolotto at the National Museum of Rio de Janeiro for classification.<\/span> Apparently no visual recordings of the daylight bolide have been reported yet. On 15 August 2017 <a href=\"https:\/\/www.lpi.usra.edu\/meteor\/metbull.php?code=65777\" target=\"_blank\" rel=\"noopener noreferrer\"><strong>Tres Irmaos<\/strong><\/a> was registered in the Meteoritical Bulletin database.<\/p>\n\n\n\n<p><a href=\"http:\/\/vilsonnunes.com.br\/noticias\/pedaco-de-meteorito-e-encontrado-na-zona-rural-de-palmas-de-monte-alto\/\" target=\"_blank\" rel=\"noopener noreferrer\"><strong>Peda\u00e7o de meteorito \u00e9 encontrado na zona rural de Palmas de Monte Alto<\/strong><\/a> by Vilson da Silva Nunes<\/p>\n\n\n\n<div class=\"wp-block-image\"><figure class=\"alignleft\"><a href=\"http:\/\/karmaka.de\/wp-content\/uploads\/2017\/05\/Sirlene-da-Silva-Paess-meteorite.jpg\"><img loading=\"lazy\" decoding=\"async\" width=\"2000\" height=\"1354\" src=\"http:\/\/karmaka.de\/wp-content\/uploads\/2017\/05\/Sirlene-da-Silva-Paess-meteorite.jpg\" alt=\"\" class=\"wp-image-12583\" srcset=\"https:\/\/karmaka.de\/wp-content\/uploads\/2017\/05\/Sirlene-da-Silva-Paess-meteorite.jpg 2000w, https:\/\/karmaka.de\/wp-content\/uploads\/2017\/05\/Sirlene-da-Silva-Paess-meteorite-300x203.jpg 300w, https:\/\/karmaka.de\/wp-content\/uploads\/2017\/05\/Sirlene-da-Silva-Paess-meteorite-768x520.jpg 768w, https:\/\/karmaka.de\/wp-content\/uploads\/2017\/05\/Sirlene-da-Silva-Paess-meteorite-1024x693.jpg 1024w\" sizes=\"(max-width: 2000px) 100vw, 2000px\" \/><\/a><figcaption>The meteorite (9 x 5 x 6 cm) weighing about 900 grams. Photo: Vilson da Silva Nunes<\/figcaption><\/figure><\/div>\n\n\n\n<div class=\"wp-block-image\"><figure class=\"alignleft\"><a href=\"http:\/\/karmaka.de\/wp-content\/uploads\/2017\/05\/met-1.jpg\"><img loading=\"lazy\" decoding=\"async\" width=\"1400\" height=\"864\" src=\"http:\/\/karmaka.de\/wp-content\/uploads\/2017\/05\/met-1.jpg\" alt=\"\" class=\"wp-image-12565\" srcset=\"https:\/\/karmaka.de\/wp-content\/uploads\/2017\/05\/met-1.jpg 1400w, https:\/\/karmaka.de\/wp-content\/uploads\/2017\/05\/met-1-300x185.jpg 300w, https:\/\/karmaka.de\/wp-content\/uploads\/2017\/05\/met-1-768x474.jpg 768w, https:\/\/karmaka.de\/wp-content\/uploads\/2017\/05\/met-1-1024x632.jpg 1024w\" sizes=\"(max-width: 1400px) 100vw, 1400px\" \/><\/a><figcaption>The meteorite next to its impact location on a dirt road on the \u00c1gua Branca farm. Photo: Vilson da Silva Nunes<\/figcaption><\/figure><\/div>\n\n\n\n<div class=\"wp-block-image\"><figure class=\"alignleft\"><a href=\"http:\/\/karmaka.de\/wp-content\/uploads\/2017\/05\/Sirlene-da-Silva-Paes-and-M\u00e1rcia-Eduarda-Paes-next-to-their-find.jpeg\"><img loading=\"lazy\" decoding=\"async\" width=\"1400\" height=\"983\" src=\"http:\/\/karmaka.de\/wp-content\/uploads\/2017\/05\/Sirlene-da-Silva-Paes-and-M\u00e1rcia-Eduarda-Paes-next-to-their-find.jpeg\" alt=\"\" class=\"wp-image-12570\" srcset=\"https:\/\/karmaka.de\/wp-content\/uploads\/2017\/05\/Sirlene-da-Silva-Paes-and-M\u00e1rcia-Eduarda-Paes-next-to-their-find.jpeg 1400w, https:\/\/karmaka.de\/wp-content\/uploads\/2017\/05\/Sirlene-da-Silva-Paes-and-M\u00e1rcia-Eduarda-Paes-next-to-their-find-300x211.jpeg 300w, https:\/\/karmaka.de\/wp-content\/uploads\/2017\/05\/Sirlene-da-Silva-Paes-and-M\u00e1rcia-Eduarda-Paes-next-to-their-find-768x539.jpeg 768w, https:\/\/karmaka.de\/wp-content\/uploads\/2017\/05\/Sirlene-da-Silva-Paes-and-M\u00e1rcia-Eduarda-Paes-next-to-their-find-1024x719.jpeg 1024w\" sizes=\"(max-width: 1400px) 100vw, 1400px\" \/><\/a><figcaption>Finders Sirlene da Silva Paes and M\u00e1rcia Eduarda Paes next to their find at its fall location. Photo: Vilson da Silva Nunes<\/figcaption><\/figure><\/div>\n\n\n\n<div class=\"wp-block-image\"><figure class=\"alignleft\"><a href=\"http:\/\/karmaka.de\/wp-content\/uploads\/2017\/05\/Vilson-da-Silva-Nunes-and-Nilton-Fl\u00e1vio-Azevedo-with-the-meteorite.jpg\"><img loading=\"lazy\" decoding=\"async\" width=\"1280\" height=\"739\" src=\"http:\/\/karmaka.de\/wp-content\/uploads\/2017\/05\/Vilson-da-Silva-Nunes-and-Nilton-Fl\u00e1vio-Azevedo-with-the-meteorite.jpg\" alt=\"\" class=\"wp-image-12575\" srcset=\"https:\/\/karmaka.de\/wp-content\/uploads\/2017\/05\/Vilson-da-Silva-Nunes-and-Nilton-Fl\u00e1vio-Azevedo-with-the-meteorite.jpg 1280w, https:\/\/karmaka.de\/wp-content\/uploads\/2017\/05\/Vilson-da-Silva-Nunes-and-Nilton-Fl\u00e1vio-Azevedo-with-the-meteorite-300x173.jpg 300w, https:\/\/karmaka.de\/wp-content\/uploads\/2017\/05\/Vilson-da-Silva-Nunes-and-Nilton-Fl\u00e1vio-Azevedo-with-the-meteorite-768x443.jpg 768w, https:\/\/karmaka.de\/wp-content\/uploads\/2017\/05\/Vilson-da-Silva-Nunes-and-Nilton-Fl\u00e1vio-Azevedo-with-the-meteorite-1024x591.jpg 1024w, https:\/\/karmaka.de\/wp-content\/uploads\/2017\/05\/Vilson-da-Silva-Nunes-and-Nilton-Fl\u00e1vio-Azevedo-with-the-meteorite-400x230.jpg 400w\" sizes=\"(max-width: 1280px) 100vw, 1280px\" \/><\/a><figcaption>Vilson da Silva Nunes and Nilton Fl\u00e1vio Azevedo with the meteorite. Photo: Vilson da Silva Nunes<\/figcaption><\/figure><\/div>\n\n\n\n<p><strong>O Meteorito de Palmas de Monte Alto<\/strong><\/p>\n\n\n\n<p>Short documentary TV UFBA (16 June 2017)<\/p>\n\n\n\n<figure class=\"wp-block-embed is-type-rich is-provider-embed-handler wp-block-embed-embed-handler wp-embed-aspect-16-9 wp-has-aspect-ratio\"><div class=\"wp-block-embed__wrapper\">\n<iframe loading=\"lazy\" title=\"TV UFBA - O Meteorito de Palmas de Monte Alto\" width=\"470\" height=\"264\" src=\"https:\/\/www.youtube.com\/embed\/ociSMtf_5-Y?feature=oembed\" frameborder=\"0\" allow=\"accelerometer; autoplay; clipboard-write; encrypted-media; gyroscope; picture-in-picture; web-share\" referrerpolicy=\"strict-origin-when-cross-origin\" allowfullscreen><\/iframe>\n<\/div><\/figure>\n\n\n<div class=\"su-spacer\" style=\"height:10px\"><\/div>\n\n\n\n<figure class=\"wp-block-embed is-type-rich is-provider-embed-handler wp-block-embed-embed-handler wp-embed-aspect-4-3 wp-has-aspect-ratio\"><div class=\"wp-block-embed__wrapper\">\n<iframe loading=\"lazy\" title=\"Meteorito \u00e9 encontrado na zona rural de Palmas de Monte Alto\" width=\"470\" height=\"353\" src=\"https:\/\/www.youtube.com\/embed\/sLsg1yBE_gc?feature=oembed\" frameborder=\"0\" allow=\"accelerometer; autoplay; clipboard-write; encrypted-media; gyroscope; picture-in-picture; web-share\" referrerpolicy=\"strict-origin-when-cross-origin\" allowfullscreen><\/iframe>\n<\/div><\/figure>\n\n\n\n<p><a href=\"https:\/\/www.youtube.com\/watch?v=sLsg1yBE_gc\" target=\"_blank\" rel=\"noopener noreferrer\"><strong>Video<\/strong><\/a> by Vilson da Silva Nunes (28 May 2017)<\/p>\n","protected":false},"excerpt":{"rendered":"<p>Tr\u00eas Irm\u00e3os Meteorite fall in \u00c1gua Branca, Palmas de Monte Alto, Bahia, Brazil at ~11:20 a.m. (14:20 UTC) on 26 May 2017 The meteorite (9 cm (length), 5 cm (height), 6 cm (width), an ordinary&#8230;<\/p>\n","protected":false},"author":1,"featured_media":0,"parent":64,"menu_order":19,"comment_status":"closed","ping_status":"closed","template":"page-template-wide.php","meta":{"footnotes":""},"_links":{"self":[{"href":"https:\/\/karmaka.de\/index.php?rest_route=\/wp\/v2\/pages\/12845"}],"collection":[{"href":"https:\/\/karmaka.de\/index.php?rest_route=\/wp\/v2\/pages"}],"about":[{"href":"https:\/\/karmaka.de\/index.php?rest_route=\/wp\/v2\/types\/page"}],"author":[{"embeddable":true,"href":"https:\/\/karmaka.de\/index.php?rest_route=\/wp\/v2\/users\/1"}],"replies":[{"embeddable":true,"href":"https:\/\/karmaka.de\/index.php?rest_route=%2Fwp%2Fv2%2Fcomments&post=12845"}],"version-history":[{"count":18,"href":"https:\/\/karmaka.de\/index.php?rest_route=\/wp\/v2\/pages\/12845\/revisions"}],"predecessor-version":[{"id":25566,"href":"https:\/\/karmaka.de\/index.php?rest_route=\/wp\/v2\/pages\/12845\/revisions\/25566"}],"up":[{"embeddable":true,"href":"https:\/\/karmaka.de\/index.php?rest_route=\/wp\/v2\/pages\/64"}],"wp:attachment":[{"href":"https:\/\/karmaka.de\/index.php?rest_route=%2Fwp%2Fv2%2Fmedia&parent=12845"}],"curies":[{"name":"wp","href":"https:\/\/api.w.org\/{rel}","templated":true}]}}