{"id":1578,"date":"2014-11-04T23:28:13","date_gmt":"2014-11-04T22:28:13","guid":{"rendered":"http:\/\/karmaka.de\/?page_id=1578"},"modified":"2018-06-01T11:08:42","modified_gmt":"2018-06-01T09:08:42","slug":"jezersko","status":"publish","type":"page","link":"https:\/\/karmaka.de\/?page_id=1578","title":{"rendered":"Jezersko"},"content":{"rendered":"<div class=\"su-spacer\" style=\"height:10px\"><\/div>\n<p style=\"text-align: center;\"><strong><span style=\"font-size: 24pt;\">JEZERSKO<\/span><\/strong><\/p>\n<p style=\"text-align: justify;\">On December 2, 2013 Bojan Ambro\u017ei\u010d reports on his website <a href=\" http:\/\/bojanambrozic.wordpress.com\/2013\/12\/02\/meteorit-jezersko-nov-slovenski-meteorit \" target=\"_blank\" rel=\"noopener\">*<\/a> about a new meteorite find in Slovenia. The meteorite was found by mountain hiker Bo\u017eidar Jernej Malovrh at a picnic area about 50 meters southwest of the Czech mountain hut (\u010ce\u0161ka ko\u010da na Spodnjih Ravneh)<a href=\"http:\/\/en.wikipedia.org\/wiki\/%C4%8Ce%C5%A1ka_ko%C4%8Da_na_Spodnjih_Ravneh\" target=\"_blank\" rel=\"noopener\">*<\/a> <a href=\" http:\/\/jezersko.info\/e_files\/gallery\/_7236775-2-3.jpg\" target=\"_blank\" rel=\"noopener\">*\u00b2<\/a> <a href=\" http:\/\/4.bp.blogspot.com\/-hTqxz065H0g\/Tl0rc0uUXSI\/AAAAAAAACyQ\/ntzb9zTWGSw\/s1600\/IMG_0713.JPG \" target=\"_blank\" rel=\"noopener\">*\u00b3<\/a> at a height of 1543 meters above sea level (46\u00b022&#8217;10.89&#8243;N, 14\u00b032&#8217;8.92&#8243;E) in the Slovenian Karavanke mountains.<\/p>\n<div id=\"attachment_14890\" style=\"width: 310px\" class=\"wp-caption alignleft\"><a href=\"http:\/\/karmaka.de\/wp-content\/uploads\/2018\/06\/Jezersko-location.jpg\"><img loading=\"lazy\" decoding=\"async\" aria-describedby=\"caption-attachment-14890\" src=\"http:\/\/karmaka.de\/wp-content\/uploads\/2018\/06\/Jezersko-location-300x218.jpg\" alt=\"\" width=\"300\" height=\"218\" class=\"size-medium wp-image-14890\" srcset=\"https:\/\/karmaka.de\/wp-content\/uploads\/2018\/06\/Jezersko-location-300x218.jpg 300w, https:\/\/karmaka.de\/wp-content\/uploads\/2018\/06\/Jezersko-location-768x558.jpg 768w, https:\/\/karmaka.de\/wp-content\/uploads\/2018\/06\/Jezersko-location.jpg 965w\" sizes=\"(max-width: 300px) 100vw, 300px\" \/><\/a><p id=\"caption-attachment-14890\" class=\"wp-caption-text\">Find location in the <em>Karavanke<\/em> mountains.<\/p><\/div>\n<p style=\"text-align: justify;\">Mr. Malovrh, his wife Vera, his son Mark and his girlfriend and later wife Tina had just arrived at the Czech Hut and had sat down at the picnic area nearby to have a rest when suddenly Malovrh noticed a &#8216;stone&#8217; because of its unusual color, its interesting form with regmaglypts and a smooth surface. He observed the stone for some time and eventually picked it up. Immediately he noticed its unusually heavy weight. Furthermore he was intrigued because unlike the other stones lying around this stone was not embedded in the ground but lay on top of a layer of grass and moss. Furthermore it stood out because of its rusty brown surface which formed a stark contrast to the other brightly white rocks lying around. At home Bo\u017eidar Jernej Malovrh noticed that the \u2018stone\u2019 was attracted to a magnet. On the day of his find he wrote down the exact date and time of his find on the surface of the stone. Today the inscription has faded away and is not visible anymore . Fortunately the finder kept a mountain diary in which he wrote down details about his hiking tour and the exact date of his find. It was the 13th September 1992. Bo\u017eidar Jernej Malovrh stored the unusual stone on a shelf in his living room but later put the rock into his basement in need of more space for his books. Whenever holding the stone in his hand in the following years he could not decide to throw it away. On 12th November 2012 Mr. Malovrh visited the mineral and fossil collector Davorin Preisinger who suspected that the rock could in fact be a meteorite. Preisinger contacted Miha Jer\u0161ka, the curator of the Slovenian Natural History Museum (SMNH), who on visual inspection confirmed that the rock was in fact a meteorite. The regmaglypted meteorite with its brownish-black fusion crust had to be officially classified. Initially the meteorite weighed 1380 gram. Before a slice of 73.5 gram, required as a type specimen for classification, was cut off the meteorite a cast of the meteorite was made by the Natural History Museum. The Jezersko meteorite was classified as an ordinary chondrite of type H4, with shock stage S5 and weathering grade W2. On 4th December 2013 Bojan Ambro\u017ei\u010d, Dr. Milo\u0161 Miler, Prof. Breda Mirti\u010d, Dr. Mateja Gosar, und Dr. Miha Jer\u0161ek <a href=\"http:\/\/bojanambrozic.files.wordpress.com\/2013\/12\/dsc_0239-kopija.jpg?w=640&amp;h=360 \" target=\"_blank\" rel=\"noopener\">*<\/a> officially presented the new find in the Slovenian Natural History Museum (Prirodoslovni muzej Slovenije) <a href=\"http:\/\/bojanambrozic.files.wordpress.com\/2013\/12\/img_0017-kopija.jpg?w=640&amp;h=529\" target=\"_blank\" rel=\"noopener\">*<\/a>. The national Slovenian media hardly covered the story of this meteorite find. On 11th December 2013 the <em>Slovenske Novice<\/em> <a href=\"http:\/\/www.slovenskenovice.si\/novice\/slovenija\/kamen-ki-ga-je-nasel-pred-20-leti-je-meteorit\" target=\"_blank\" rel=\"noopener\">*<\/a> reported about what Mr. Malovrh had written in his mountain diary:<\/p>\n<p style=\"padding-left: 60px;\">\u00bb<em>Vreme rahlo obla\u010dno, toplo, ob jezeru vetrovno. Jezero popolnoma suho\u00a0\u00a0 (samo mlaku\u017ee)! Pri \u010ce\u0161ki ko\u010di na\u0161el rjav kamen (1,5 kilograma), ki je bil ve\u010dji od navadnih kamnov. Doma sem ugotovil, da ga magnet privla\u010di!!!<\/em>\u00ab<\/p>\n<p style=\"text-align: justify;\">Jezersko is only the fourth known meteorite find in Slovenia. On 14 January 2014 Jezersko was officially registered in the Meteoritical Bulletin database <a href=\"http:\/\/www.lpi.usra.edu\/meteor\/metbull.php?code=58669\" target=\"_blank\" rel=\"noopener\">*<\/a> of the Meteoritical Society. On 16th October 2014 the paper <strong>Mineral and chemical composition of the Jezersko meteorite\u2014A new chondrite from Slovenia<\/strong> by Miler, M., Ambro\u017ei\u010d, B., Mirti\u010d, B., Gosar, M., \u0160turm, S., Dolenec, M. and Jer\u0161ek, M. was published in <em>Meteoritics &amp; Planetary Science<\/em><a href=\"http:\/\/onlinelibrary.wiley.com\/doi\/10.1111\/maps.12365\/abstract\" target=\"_blank\" rel=\"noopener\">*<\/a>.<\/p>\n","protected":false},"excerpt":{"rendered":"<p>JEZERSKO On December 2, 2013 Bojan Ambro\u017ei\u010d reports on his website * about a new meteorite find in Slovenia. The meteorite was found by mountain hiker Bo\u017eidar Jernej Malovrh at a picnic area about 50&#8230;<\/p>\n","protected":false},"author":1,"featured_media":0,"parent":64,"menu_order":5,"comment_status":"open","ping_status":"open","template":"page-template-wide.php","meta":{"footnotes":""},"_links":{"self":[{"href":"https:\/\/karmaka.de\/index.php?rest_route=\/wp\/v2\/pages\/1578"}],"collection":[{"href":"https:\/\/karmaka.de\/index.php?rest_route=\/wp\/v2\/pages"}],"about":[{"href":"https:\/\/karmaka.de\/index.php?rest_route=\/wp\/v2\/types\/page"}],"author":[{"embeddable":true,"href":"https:\/\/karmaka.de\/index.php?rest_route=\/wp\/v2\/users\/1"}],"replies":[{"embeddable":true,"href":"https:\/\/karmaka.de\/index.php?rest_route=%2Fwp%2Fv2%2Fcomments&post=1578"}],"version-history":[{"count":20,"href":"https:\/\/karmaka.de\/index.php?rest_route=\/wp\/v2\/pages\/1578\/revisions"}],"predecessor-version":[{"id":1580,"href":"https:\/\/karmaka.de\/index.php?rest_route=\/wp\/v2\/pages\/1578\/revisions\/1580"}],"up":[{"embeddable":true,"href":"https:\/\/karmaka.de\/index.php?rest_route=\/wp\/v2\/pages\/64"}],"wp:attachment":[{"href":"https:\/\/karmaka.de\/index.php?rest_route=%2Fwp%2Fv2%2Fmedia&parent=1578"}],"curies":[{"name":"wp","href":"https:\/\/api.w.org\/{rel}","templated":true}]}}