{"id":23699,"date":"2020-09-06T22:59:06","date_gmt":"2020-09-06T20:59:06","guid":{"rendered":"http:\/\/karmaka.de\/?page_id=23699"},"modified":"2022-02-06T14:34:44","modified_gmt":"2022-02-06T13:34:44","slug":"valle","status":"publish","type":"page","link":"https:\/\/karmaka.de\/?page_id=23699","title":{"rendered":"Valle"},"content":{"rendered":"\n<div style=\"height:20px\" aria-hidden=\"true\" class=\"wp-block-spacer\"><\/div>\n\n\n\n<p class=\"has-text-align-center\"><span style=\"font-size: 24pt;\"><strong> Valle<\/strong><\/span><\/p>\n\n\n\n<div style=\"height:20px\" aria-hidden=\"true\" class=\"wp-block-spacer\"><\/div>\n\n\n\n<p class=\"has-text-align-center\"><span style=\"font-size: 22pt;\">Possible meteorite fall (4.5 kg, H5, S2) in Valle, Setesdal, Agder, Norway on 3 February 2012<\/span><\/p>\n\n\n\n<div style=\"height:20px\" aria-hidden=\"true\" class=\"wp-block-spacer\"><\/div>\n\n\n\n<figure class=\"wp-block-image size-large\"><a href=\"http:\/\/karmaka.de\/wp-content\/uploads\/2020\/09\/Valleinsitu-scaled.jpg\"><img loading=\"lazy\" decoding=\"async\" width=\"1024\" height=\"768\" src=\"http:\/\/karmaka.de\/wp-content\/uploads\/2020\/09\/Valleinsitu-1024x768.jpg\" alt=\"\" class=\"wp-image-23704\" srcset=\"https:\/\/karmaka.de\/wp-content\/uploads\/2020\/09\/Valleinsitu-1024x768.jpg 1024w, https:\/\/karmaka.de\/wp-content\/uploads\/2020\/09\/Valleinsitu-300x225.jpg 300w, https:\/\/karmaka.de\/wp-content\/uploads\/2020\/09\/Valleinsitu-768x576.jpg 768w, https:\/\/karmaka.de\/wp-content\/uploads\/2020\/09\/Valleinsitu-1536x1152.jpg 1536w, https:\/\/karmaka.de\/wp-content\/uploads\/2020\/09\/Valleinsitu-2048x1536.jpg 2048w\" sizes=\"(max-width: 1024px) 100vw, 1024px\" \/><\/a><\/figure>\n\n\n\n<p>The Valle meteorite in situ on 9 June 2013. Photo: Terje Fjeldheim<\/p>\n\n\n\n<div style=\"height:20px\" aria-hidden=\"true\" class=\"wp-block-spacer\"><\/div>\n\n\n\n<p class=\"has-text-align-center\">&#8220;<strong>Jeg gikk rundt et vann og s\u00e5 at den l\u00e5 der p\u00e5 en torvmyr.<\/strong>&#8221; (Terje Fjeldheim)<\/p>\n\n\n\n<p class=\"has-text-align-center\"><strong>&#8220;Da blir jeg oppmerksom p\u00e5 en merkelig stein som ligger aleine p\u00e5 myra like ved vannet. Jeg g\u00e5r bort og ser ned p\u00e5 en stein jeg ganske raskt skj\u00f8nner at bokstavelig talt har ramla ned fra himmelen.&#8221; <\/strong>  (Terje Fjeldheim) <\/p>\n\n\n\n<div style=\"height:20px\" aria-hidden=\"true\" class=\"wp-block-spacer\"><\/div>\n\n\n\n<p class=\"justify-text\">On 9 June 2013 57-year old Terje Fjeldheim from Kongsberg was on his way back from the 90-km mountain bike race Nordsj\u00f8rittet in Rogaland when he decided to stop at some mountain lakes for a fishing trip. While walking around the Gunnarsvatnet lake he found a ~4.5-kilogram meteorite which had broken into two larger (~3637 and ~829 grams) and some smaller fragments on impact. Fjeldheim took photos of the find site, picked up the meteorite fragments and put them in bags in his backback. Then he continued fishing. On the next day he went to look for more fragments in the area and then went home to Kongsberg. According to Fjeldheim the two meteorite fragments weighed 4501 grams on the day after he took them out of the bags. Some water had seeped out of the meteorite fragments and accumulated in the bags or evaporated. The meteorite was found at location ~ <a rel=\"noreferrer noopener\" href=\"https:\/\/goo.gl\/maps\/LCcKAoEcMb32sUdD7\" target=\"_blank\">59\u00b001&#8217;20.9&#8243;N, 7\u00b015&#8217;28.1&#8243;E<\/a> on a peat bog near the shore of the lake. Since the meteorite was lying on a rock it is assumed that there was snow at the time of its fall. Back home and after searching information about meteorites on the internet Fjeldheim called Rune Selbekk and two days later on 14 June 2013 Fjeldheim brought the meteorite to the Naturhistorisk museum at T\u00f8yen in Oslo and decided to donate the smaller 829-gram fragment to the museum. One week after the discovery Fjeldheim and Morton Bilet went back to the find site. Bilet found a few extra fragments inside the impact pit. They dug out the impact pit and put it in a blue plastic box which had been provided by the museum, where it is currently stored in a cold room. In August 2013 the Naturhistorisk Museum paid 220,000 Kronen for the 3.6-kilogram mass of the meteorite.  Fjeldheim kept some small fragments of the meteorite, the largest weighing 21 grams. In February 2015 he received a three-dimensional facsimile copy of the meteorite.<\/p>\n\n\n\n<div class=\"wp-block-image\"><figure class=\"aligncenter size-large\"><a href=\"https:\/\/karmaka.de\/wp-content\/uploads\/2022\/02\/valleinsitu.jpg\"><img loading=\"lazy\" decoding=\"async\" width=\"1024\" height=\"768\" src=\"https:\/\/karmaka.de\/wp-content\/uploads\/2022\/02\/valleinsitu-1024x768.jpg\" alt=\"\" class=\"wp-image-30137\" srcset=\"https:\/\/karmaka.de\/wp-content\/uploads\/2022\/02\/valleinsitu-1024x768.jpg 1024w, https:\/\/karmaka.de\/wp-content\/uploads\/2022\/02\/valleinsitu-300x225.jpg 300w, https:\/\/karmaka.de\/wp-content\/uploads\/2022\/02\/valleinsitu-768x576.jpg 768w, https:\/\/karmaka.de\/wp-content\/uploads\/2022\/02\/valleinsitu-1536x1152.jpg 1536w, https:\/\/karmaka.de\/wp-content\/uploads\/2022\/02\/valleinsitu-2048x1536.jpg 2048w\" sizes=\"(max-width: 1024px) 100vw, 1024px\" \/><\/a><\/figure><\/div>\n\n\n\n<p>The Valle meteorite in situ near the lake on 9 June 2013. Photo: Terje Fjeldheim<\/p>\n\n\n\n<div style=\"height:20px\" aria-hidden=\"true\" class=\"wp-block-spacer\"><\/div>\n\n\n\n<figure class=\"wp-block-image size-large\"><a href=\"http:\/\/karmaka.de\/wp-content\/uploads\/2020\/09\/vallecomplete.jpg\"><img loading=\"lazy\" decoding=\"async\" width=\"1024\" height=\"576\" src=\"http:\/\/karmaka.de\/wp-content\/uploads\/2020\/09\/vallecomplete-1024x576.jpg\" alt=\"\" class=\"wp-image-23706\" srcset=\"https:\/\/karmaka.de\/wp-content\/uploads\/2020\/09\/vallecomplete-1024x576.jpg 1024w, https:\/\/karmaka.de\/wp-content\/uploads\/2020\/09\/vallecomplete-300x169.jpg 300w, https:\/\/karmaka.de\/wp-content\/uploads\/2020\/09\/vallecomplete-768x432.jpg 768w, https:\/\/karmaka.de\/wp-content\/uploads\/2020\/09\/vallecomplete.jpg 1458w\" sizes=\"(max-width: 1024px) 100vw, 1024px\" \/><\/a><\/figure>\n\n\n\n<p>Photo: Terje Fjeldheim<\/p>\n\n\n\n<div style=\"height:20px\" aria-hidden=\"true\" class=\"wp-block-spacer\"><\/div>\n\n\n\n<p class=\"has-medium-font-size\"><strong>A possible bolide<\/strong> <strong>on 3 February 2012<\/strong><\/p>\n\n\n\n<p class=\"justify-text\">There is a possible connection to a 3.3-second bolide heading towards a northeastern direction which was recorded at 07:17:31-34 (06:17:31-34 UTC) on 3 February 2012 by Steinar Midtskogen&#8217;s camera in Voksenlia in Holmenkoll\u00e5sen in Oslo. There were eyewitness reports from Lier and Porsgrunn where people saw the bolide from a car. From Lier it was seen in a southwestern direction, from Oslo in a direction with an azimuth of 235\u00b0 between 7 and 14 degrees above the horizon. From Porsgrunn it was seen in a west-northwestern direction low above the horizon. The bolide was also photographed from Jels and Klokkerholm in Denmark. According to calculations the luminous trail ended at an altitude of about 30 kilometers above Kvifjorden. The bolide was probably slow, only about 13 km \/ s.<\/p>\n\n\n\n<figure class=\"wp-block-video\"><video controls src=\"http:\/\/karmaka.de\/wp-content\/uploads\/2020\/09\/ildkule-20120203.mp4\"><\/video><\/figure>\n\n\n\n<p>Video of the bolide at 07:17:31-34 (local time) on 3 February 2012. Video: Steinar Midtskogen<\/p>\n\n\n\n<figure class=\"wp-block-image size-large\"><img loading=\"lazy\" decoding=\"async\" width=\"980\" height=\"551\" src=\"http:\/\/karmaka.de\/wp-content\/uploads\/2020\/09\/norwaybolide.jpg\" alt=\"\" class=\"wp-image-23702\" srcset=\"https:\/\/karmaka.de\/wp-content\/uploads\/2020\/09\/norwaybolide.jpg 980w, https:\/\/karmaka.de\/wp-content\/uploads\/2020\/09\/norwaybolide-300x169.jpg 300w, https:\/\/karmaka.de\/wp-content\/uploads\/2020\/09\/norwaybolide-768x432.jpg 768w\" sizes=\"(max-width: 980px) 100vw, 980px\" \/><\/figure>\n\n\n\n<p>The bolide. Photo: Steinar Midtskogen<\/p>\n\n\n\n<figure class=\"wp-block-image size-large\"><a href=\"http:\/\/karmaka.de\/wp-content\/uploads\/2020\/09\/valle2mod.png\"><img loading=\"lazy\" decoding=\"async\" width=\"1024\" height=\"696\" src=\"http:\/\/karmaka.de\/wp-content\/uploads\/2020\/09\/valle2mod-1024x696.png\" alt=\"\" class=\"wp-image-23700\" srcset=\"https:\/\/karmaka.de\/wp-content\/uploads\/2020\/09\/valle2mod-1024x696.png 1024w, https:\/\/karmaka.de\/wp-content\/uploads\/2020\/09\/valle2mod-300x204.png 300w, https:\/\/karmaka.de\/wp-content\/uploads\/2020\/09\/valle2mod-768x522.png 768w, https:\/\/karmaka.de\/wp-content\/uploads\/2020\/09\/valle2mod.png 1230w\" sizes=\"(max-width: 1024px) 100vw, 1024px\" \/><\/a><\/figure>\n\n\n\n<p>The meteorite&#8217;s find location (little red dot) in the calculated fall zone based on the bearings from Oslo (Voksenlia) and Klokkerholm in Denmark. Image:  Norsk meteornettverk<\/p>\n\n\n\n<figure class=\"wp-block-video\"><video controls src=\"http:\/\/karmaka.de\/wp-content\/uploads\/2020\/09\/valledug.mp4\"><\/video><\/figure>\n\n\n\n<p>Terje Fjeldheim digging out the impact pit of the Valle meteorite one week after the day he found the meteorite. Video: Morton Bilet<\/p>\n\n\n\n<div style=\"height:20px\" aria-hidden=\"true\" class=\"wp-block-spacer\"><\/div>\n\n\n\n<p><strong>MEDIA<\/strong><\/p>\n\n\n\n<p><a rel=\"noreferrer noopener\" href=\"https:\/\/www.meteorittmannen.no\/post\/valle-meteoritten\" target=\"_blank\"><strong>Valle-Meteoritten<\/strong><\/a> (report by Terje Fjeldheim, published on 4 February 2022)<\/p>\n","protected":false},"excerpt":{"rendered":"<p>Valle Possible meteorite fall (4.5 kg, H5, S2) in Valle, Setesdal, Agder, Norway on 3 February 2012 The Valle meteorite in situ on 9 June 2013. Photo: Terje Fjeldheim &#8220;Jeg gikk rundt et vann og&#8230;<\/p>\n","protected":false},"author":1,"featured_media":0,"parent":0,"menu_order":0,"comment_status":"closed","ping_status":"closed","template":"page-template-wide.php","meta":{"footnotes":""},"_links":{"self":[{"href":"https:\/\/karmaka.de\/index.php?rest_route=\/wp\/v2\/pages\/23699"}],"collection":[{"href":"https:\/\/karmaka.de\/index.php?rest_route=\/wp\/v2\/pages"}],"about":[{"href":"https:\/\/karmaka.de\/index.php?rest_route=\/wp\/v2\/types\/page"}],"author":[{"embeddable":true,"href":"https:\/\/karmaka.de\/index.php?rest_route=\/wp\/v2\/users\/1"}],"replies":[{"embeddable":true,"href":"https:\/\/karmaka.de\/index.php?rest_route=%2Fwp%2Fv2%2Fcomments&post=23699"}],"version-history":[{"count":9,"href":"https:\/\/karmaka.de\/index.php?rest_route=\/wp\/v2\/pages\/23699\/revisions"}],"predecessor-version":[{"id":30144,"href":"https:\/\/karmaka.de\/index.php?rest_route=\/wp\/v2\/pages\/23699\/revisions\/30144"}],"wp:attachment":[{"href":"https:\/\/karmaka.de\/index.php?rest_route=%2Fwp%2Fv2%2Fmedia&parent=23699"}],"curies":[{"name":"wp","href":"https:\/\/api.w.org\/{rel}","templated":true}]}}