{"id":25268,"date":"2020-11-09T19:06:25","date_gmt":"2020-11-09T18:06:25","guid":{"rendered":"http:\/\/karmaka.de\/?page_id=25268"},"modified":"2024-01-24T08:08:57","modified_gmt":"2024-01-24T07:08:57","slug":"tiros","status":"publish","type":"page","link":"https:\/\/karmaka.de\/?page_id=25268","title":{"rendered":"Tiros"},"content":{"rendered":"\n<div style=\"height:40px\" aria-hidden=\"true\" class=\"wp-block-spacer\"><\/div>\n\n\n\n<p class=\"has-text-align-center\"><span style=\"font-size: 24pt;\"><strong> Tiros<\/strong><\/span><\/p>\n\n\n\n<div style=\"height:20px\" aria-hidden=\"true\" class=\"wp-block-spacer\"><\/div>\n\n\n\n<p class=\"has-text-align-center\"><span style=\"font-size: 22pt;\">TIROS meteorite fall ( ~400 g, Howardite, cumulate, S4) near Tiros, Minas Gerais, in Brazil at ~3.25.15 a.m. BRT (~6.25.15 UTC)<\/span> <span style=\"font-size: 22pt;\">on 8 May 2020<\/span><\/p>\n\n\n\n<div style=\"height:20px\" aria-hidden=\"true\" class=\"wp-block-spacer\"><\/div>\n\n\n\n<figure class=\"wp-block-image size-large\"><a href=\"http:\/\/karmaka.de\/wp-content\/uploads\/2020\/11\/tiros_meteorite.jpg\"><img loading=\"lazy\" decoding=\"async\" width=\"1024\" height=\"1024\" src=\"http:\/\/karmaka.de\/wp-content\/uploads\/2020\/11\/tiros_meteorite-1024x1024.jpg\" alt=\"\" class=\"wp-image-25271\" srcset=\"https:\/\/karmaka.de\/wp-content\/uploads\/2020\/11\/tiros_meteorite-1024x1024.jpg 1024w, https:\/\/karmaka.de\/wp-content\/uploads\/2020\/11\/tiros_meteorite-300x300.jpg 300w, https:\/\/karmaka.de\/wp-content\/uploads\/2020\/11\/tiros_meteorite-150x150.jpg 150w, https:\/\/karmaka.de\/wp-content\/uploads\/2020\/11\/tiros_meteorite-768x768.jpg 768w, https:\/\/karmaka.de\/wp-content\/uploads\/2020\/11\/tiros_meteorite.jpg 1440w\" sizes=\"(max-width: 1024px) 100vw, 1024px\" \/><\/a><\/figure>\n\n\n\n<p>The Tiros meteorite with its shiny fusion crust and flowlines. Photo: Meteor\u00edticas<\/p>\n\n\n\n<div style=\"height:20px\" aria-hidden=\"true\" class=\"wp-block-spacer\"><\/div>\n\n\n\n<p class=\"has-text-align-center\">&#8220;Peguei ela quando eu vi. Eu pensei meu Deus isso \u00e9 um meteorito isso n\u00e3o \u00e9 pedra na Terra, \u00e9 um meteorito.&#8221; (Senhor Titota)<\/p>\n\n\n\n<p class=\"has-text-align-center has-small-font-size\">[I took it when I saw it. I thought my God this is a meteorite this is not a stone on Earth, it is a meteorite.]\n\n\n\n<div style=\"height:20px\" aria-hidden=\"true\" class=\"wp-block-spacer\"><\/div>\n\n\n\n<p class=\"justify-text\">A meteorite, a Eucrite (~ 400 g), of the <a rel=\"noreferrer noopener\" href=\"https:\/\/fireball.amsmeteors.org\/members\/imo_view\/event\/2020\/2224\" target=\"_blank\">bolide<\/a> above Minas Gerais (Brazil) on 8 May 2020 at 3.25 a.m. BRT (6.25 UT) was found by Mr Titota, a farmer from Tiros, in the afternoon of 18 September 2020 at location <a rel=\"noreferrer noopener\" href=\"https:\/\/goo.gl\/maps\/XvB4xSvCihK3CEH96\" target=\"_blank\">18\u00b054&#8217;37.03&#8243;S, 45\u00b049&#8217;10.14&#8243;W<\/a> next to a trail while riding on his property about 150 meters from his farm house in the rural area of Tiros. After excluding that it was cow dung Mr Titota was attracted by the shiny surface of the meteorite and marked the find location to come back to it later in the afternoon to pick up the stone. He then made a video of the rock and sent it to Father Jos\u00e9 Lu\u00eds de Araujo Paiva who, remembering the bolide on 8 May, told him that in fact it could be a meteorite. The video was then sent to the journalist Sandro Barcelos who published the video on the <em>Tirense Not\u00edcias<\/em> website. Teresinha Souza from the group <em>Mulheres de Estrelas<\/em> realised the connection of the meteorite specimen to the May bolide and the group published a video of the meteorite in social media on 19 September. On 21 September Prof. Elizabeth Zucolotto inspected the meteorite for the first time. There have been no additional finds so far. The meteorite has been classified at the UFRJ (Universidade Federal do Rio de Janeiro) and on 5 November a type specimen was handed over to the museum. On 28 November 2020 <a rel=\"noreferrer noopener\" href=\"https:\/\/www.lpi.usra.edu\/meteor\/metbull.php?code=73515\" target=\"_blank\"><strong>Tiros<\/strong><\/a> was registered as probable fall in the Meteoritical Bulletin Database. On 23 January 2024 the meteorite was reclassified as Howardite.<\/p>\n\n\n\n<figure class=\"wp-block-video aligncenter\"><video controls src=\"http:\/\/karmaka.de\/wp-content\/uploads\/2020\/11\/tirosmet.mp4\"><\/video><\/figure>\n\n\n\n<p>Video: Mr. Titota \/ Mulheres de Estrelas (19 September 2020)<\/p>\n\n\n\n<figure class=\"wp-block-image size-large\"><a href=\"http:\/\/karmaka.de\/wp-content\/uploads\/2020\/11\/met_tiros.jpg\"><img loading=\"lazy\" decoding=\"async\" width=\"1024\" height=\"830\" src=\"http:\/\/karmaka.de\/wp-content\/uploads\/2020\/11\/met_tiros-1024x830.jpg\" alt=\"\" class=\"wp-image-25298\" srcset=\"https:\/\/karmaka.de\/wp-content\/uploads\/2020\/11\/met_tiros-1024x830.jpg 1024w, https:\/\/karmaka.de\/wp-content\/uploads\/2020\/11\/met_tiros-300x243.jpg 300w, https:\/\/karmaka.de\/wp-content\/uploads\/2020\/11\/met_tiros-768x623.jpg 768w, https:\/\/karmaka.de\/wp-content\/uploads\/2020\/11\/met_tiros-1536x1246.jpg 1536w, https:\/\/karmaka.de\/wp-content\/uploads\/2020\/11\/met_tiros.jpg 1544w\" sizes=\"(max-width: 1024px) 100vw, 1024px\" \/><\/a><\/figure>\n\n\n\n<p>The Tiros meteorite with its shiny fusion crust. Photo: Mulheres de Estrelas<\/p>\n\n\n\n<figure class=\"wp-block-embed is-type-video is-provider-youtube wp-block-embed-youtube wp-embed-aspect-16-9 wp-has-aspect-ratio\"><div class=\"wp-block-embed__wrapper\">\n<iframe loading=\"lazy\" title=\"Meteorito de Vesta \u00e9 encontrado em Tiros\" width=\"470\" height=\"264\" src=\"https:\/\/www.youtube.com\/embed\/YtvgkBj96fI?feature=oembed\" frameborder=\"0\" allow=\"accelerometer; autoplay; clipboard-write; encrypted-media; gyroscope; picture-in-picture; web-share\" referrerpolicy=\"strict-origin-when-cross-origin\" allowfullscreen><\/iframe>\n<\/div><\/figure>\n\n\n\n<p>Video: BRAMON (3 November 2020)<\/p>\n\n\n\n<figure class=\"wp-block-image size-large\"><a href=\"http:\/\/karmaka.de\/wp-content\/uploads\/2020\/11\/findloc.jpg\"><img loading=\"lazy\" decoding=\"async\" width=\"1024\" height=\"635\" src=\"http:\/\/karmaka.de\/wp-content\/uploads\/2020\/11\/findloc-1024x635.jpg\" alt=\"\" class=\"wp-image-25278\" srcset=\"https:\/\/karmaka.de\/wp-content\/uploads\/2020\/11\/findloc-1024x635.jpg 1024w, https:\/\/karmaka.de\/wp-content\/uploads\/2020\/11\/findloc-300x186.jpg 300w, https:\/\/karmaka.de\/wp-content\/uploads\/2020\/11\/findloc-768x477.jpg 768w, https:\/\/karmaka.de\/wp-content\/uploads\/2020\/11\/findloc.jpg 1328w\" sizes=\"(max-width: 1024px) 100vw, 1024px\" \/><\/a><\/figure>\n\n\n\n<p>Mr Titota pointing at the find location of the meteorite. Image: BRAMON<\/p>\n\n\n\n<div style=\"height:20px\" aria-hidden=\"true\" class=\"wp-block-spacer\"><\/div>\n\n\n\n<p class=\"has-medium-font-size\"><strong>The bolide<\/strong><\/p>\n\n\n\n<p class=\"justify-text\">The entry angle of the meteoroid was about 15.8\u00b0 to the horizontal. The luminous trail of the bolide with a southwest-to-northeast trajectory was about 180.1 kilometers long, lasted 9.76 seconds and ended at an altitude of about 29.7 kilometers. It is estimated that the preatmospheric mass of the meteoroid was between 180 and 300 kilograms.<\/p>\n\n\n\n<figure class=\"wp-block-image size-large\"><a href=\"http:\/\/karmaka.de\/wp-content\/uploads\/2020\/11\/bramontrajectory.jpg\"><img loading=\"lazy\" decoding=\"async\" width=\"1024\" height=\"606\" src=\"http:\/\/karmaka.de\/wp-content\/uploads\/2020\/11\/bramontrajectory-1024x606.jpg\" alt=\"\" class=\"wp-image-25279\" srcset=\"https:\/\/karmaka.de\/wp-content\/uploads\/2020\/11\/bramontrajectory-1024x606.jpg 1024w, https:\/\/karmaka.de\/wp-content\/uploads\/2020\/11\/bramontrajectory-300x178.jpg 300w, https:\/\/karmaka.de\/wp-content\/uploads\/2020\/11\/bramontrajectory-768x454.jpg 768w, https:\/\/karmaka.de\/wp-content\/uploads\/2020\/11\/bramontrajectory.jpg 1396w\" sizes=\"(max-width: 1024px) 100vw, 1024px\" \/><\/a><\/figure>\n\n\n\n<p>The luminous trail and strewn field as calculated by Jim Goodall and BRAMON. Image: BRAMON<\/p>\n\n\n\n<figure class=\"wp-block-embed is-type-video is-provider-youtube wp-block-embed-youtube wp-embed-aspect-16-9 wp-has-aspect-ratio\"><div class=\"wp-block-embed__wrapper\">\n<iframe loading=\"lazy\" title=\"B\u00f3lido Sobre Minas Gerais - 08\/05\/2020\" width=\"470\" height=\"264\" src=\"https:\/\/www.youtube.com\/embed\/hiO2W3vTTOE?feature=oembed\" frameborder=\"0\" allow=\"accelerometer; autoplay; clipboard-write; encrypted-media; gyroscope; picture-in-picture; web-share\" referrerpolicy=\"strict-origin-when-cross-origin\" allowfullscreen><\/iframe>\n<\/div><\/figure>\n\n\n\n<p>Video: BRAMON (8 May 2020)<\/p>\n\n\n\n<figure class=\"wp-block-embed is-type-video is-provider-youtube wp-block-embed-youtube wp-embed-aspect-16-9 wp-has-aspect-ratio\"><div class=\"wp-block-embed__wrapper\">\n<iframe loading=\"lazy\" title=\"Grande meteoro \u00e9 registrado por 8 c\u00e2meras em 3 estados - 08\/05\/20\" width=\"470\" height=\"264\" src=\"https:\/\/www.youtube.com\/embed\/9nTizkJMU1o?feature=oembed\" frameborder=\"0\" allow=\"accelerometer; autoplay; clipboard-write; encrypted-media; gyroscope; picture-in-picture; web-share\" referrerpolicy=\"strict-origin-when-cross-origin\" allowfullscreen><\/iframe>\n<\/div><\/figure>\n\n\n\n<p>Video: Clima ao Vivo (8 May 2020)<\/p>\n\n\n\n<div style=\"height:20px\" aria-hidden=\"true\" class=\"wp-block-spacer\"><\/div>\n\n\n\n<figure class=\"wp-block-video aligncenter\"><video controls src=\"http:\/\/karmaka.de\/wp-content\/uploads\/2020\/11\/tiros-boom-1.mp4\"><\/video><\/figure>\n\n\n\n<p class=\"justify-text\">The detonation boom of the bolide can be heard at 1:59 running time (1:57 minutes after the flare). Video: unknown, published by Carlos Augusto Di Pietro<\/p>\n\n\n\n<figure class=\"wp-block-embed is-type-video is-provider-youtube wp-block-embed-youtube wp-embed-aspect-16-9 wp-has-aspect-ratio\"><div class=\"wp-block-embed__wrapper\">\n<iframe loading=\"lazy\" title=\"AMS event #2225-2020\" width=\"470\" height=\"264\" src=\"https:\/\/www.youtube.com\/embed\/4aPdUTNYASM?feature=oembed\" frameborder=\"0\" allow=\"accelerometer; autoplay; clipboard-write; encrypted-media; gyroscope; picture-in-picture; web-share\" referrerpolicy=\"strict-origin-when-cross-origin\" allowfullscreen><\/iframe>\n<\/div><\/figure>\n\n\n\n<p class=\"justify-text\">Video of the end of the luminous trail of the bolide taken from location -18.594\u00b0,-46.433\u00b0 in Patos de Minas. Video: Larissa Sousa Ara\u00f9jo \/ Fazenda Ju\u00e1<\/p>\n\n\n\n<div style=\"height:20px\" aria-hidden=\"true\" class=\"wp-block-spacer\"><\/div>\n\n\n\n<p class=\"has-medium-font-size\"><strong>LINKS<\/strong><\/p>\n\n\n\n<p><a rel=\"noreferrer noopener\" href=\"http:\/\/www.bramonmeteor.org\/bramon\/en\/rocha-encontrada-em-tiros-e-um-meteorito-vindo-de-vesta-que-teve-sua-queda-filmada-em-maio\/\" target=\"_blank\"><strong>Rock found in Tiros (Brazil) is a meteorite from Vesta that had its fall filmed in May<\/strong><\/a><\/p>\n\n\n\n<figure class=\"wp-block-embed is-type-video is-provider-youtube wp-block-embed-youtube wp-embed-aspect-16-9 wp-has-aspect-ratio\"><div class=\"wp-block-embed__wrapper\">\n<iframe loading=\"lazy\" title=\"Meteorito Tiros: Tiros fica conhecida internacionalmente na ci\u00eancia\" width=\"470\" height=\"264\" src=\"https:\/\/www.youtube.com\/embed\/NBmQX4HG4Yk?feature=oembed\" frameborder=\"0\" allow=\"accelerometer; autoplay; clipboard-write; encrypted-media; gyroscope; picture-in-picture; web-share\" referrerpolicy=\"strict-origin-when-cross-origin\" allowfullscreen><\/iframe>\n<\/div><\/figure>\n\n\n\n<p class=\"justify-text\">Discussion group with the meteorite finder Titota and others (Padre Jos\u00e9 Lu\u00eds de Ara\u00fajo Paiva, Rosa do Titota, Paulo Martioli, Marcos Gurgel, Sandro Barcelos), streamed on 3 March 2022.<\/p>\n","protected":false},"excerpt":{"rendered":"<p>Tiros TIROS meteorite fall ( ~400 g, Howardite, cumulate, S4) near Tiros, Minas Gerais, in Brazil at ~3.25.15 a.m. BRT (~6.25.15 UTC) on 8 May 2020 The Tiros meteorite with its shiny fusion crust and&#8230;<\/p>\n","protected":false},"author":1,"featured_media":0,"parent":64,"menu_order":26,"comment_status":"closed","ping_status":"closed","template":"page-template-wide.php","meta":{"footnotes":""},"_links":{"self":[{"href":"https:\/\/karmaka.de\/index.php?rest_route=\/wp\/v2\/pages\/25268"}],"collection":[{"href":"https:\/\/karmaka.de\/index.php?rest_route=\/wp\/v2\/pages"}],"about":[{"href":"https:\/\/karmaka.de\/index.php?rest_route=\/wp\/v2\/types\/page"}],"author":[{"embeddable":true,"href":"https:\/\/karmaka.de\/index.php?rest_route=\/wp\/v2\/users\/1"}],"replies":[{"embeddable":true,"href":"https:\/\/karmaka.de\/index.php?rest_route=%2Fwp%2Fv2%2Fcomments&post=25268"}],"version-history":[{"count":24,"href":"https:\/\/karmaka.de\/index.php?rest_route=\/wp\/v2\/pages\/25268\/revisions"}],"predecessor-version":[{"id":34822,"href":"https:\/\/karmaka.de\/index.php?rest_route=\/wp\/v2\/pages\/25268\/revisions\/34822"}],"up":[{"embeddable":true,"href":"https:\/\/karmaka.de\/index.php?rest_route=\/wp\/v2\/pages\/64"}],"wp:attachment":[{"href":"https:\/\/karmaka.de\/index.php?rest_route=%2Fwp%2Fv2%2Fmedia&parent=25268"}],"curies":[{"name":"wp","href":"https:\/\/api.w.org\/{rel}","templated":true}]}}