{"id":30851,"date":"2022-07-03T14:13:31","date_gmt":"2022-07-03T12:13:31","guid":{"rendered":"https:\/\/karmaka.de\/?page_id=30851"},"modified":"2026-03-31T12:06:24","modified_gmt":"2026-03-31T10:06:24","slug":"ensisheim-meteorite-show-2023","status":"publish","type":"page","link":"https:\/\/karmaka.de\/?page_id=30851","title":{"rendered":"Ensisheim Meteorite Show 2026 \/ Bourse aux M\u00e9t\u00e9orites \u00e0 Ensisheim 2026"},"content":{"rendered":"\n<div style=\"height:55px\" aria-hidden=\"true\" class=\"wp-block-spacer\"><\/div>\n\n\n\n<figure class=\"wp-block-image size-full\"><a href=\"https:\/\/karmaka.de\/wp-content\/uploads\/2026\/01\/ENSISHEIM-SHOW-2026-banner-V2-date.jpg\"><img loading=\"lazy\" decoding=\"async\" width=\"811\" height=\"660\" src=\"https:\/\/karmaka.de\/wp-content\/uploads\/2026\/01\/ENSISHEIM-SHOW-2026-banner-V2-date.jpg\" alt=\"\" class=\"wp-image-40060\" srcset=\"https:\/\/karmaka.de\/wp-content\/uploads\/2026\/01\/ENSISHEIM-SHOW-2026-banner-V2-date.jpg 811w, https:\/\/karmaka.de\/wp-content\/uploads\/2026\/01\/ENSISHEIM-SHOW-2026-banner-V2-date-300x244.jpg 300w, https:\/\/karmaka.de\/wp-content\/uploads\/2026\/01\/ENSISHEIM-SHOW-2026-banner-V2-date-768x625.jpg 768w\" sizes=\"(max-width: 811px) 100vw, 811px\" \/><\/a><\/figure>\n\n\n\n<div style=\"height:38px\" aria-hidden=\"true\" class=\"wp-block-spacer\"><\/div>\n\n\n\n<p class=\"has-text-align-center\" style=\"font-size:32px\">25th &#8220;ENSISHEIM METEORITE SHOW&#8221; 2026<\/p>\n\n\n\n<p class=\"justify-text has-medium-font-size\">The <strong>Ensisheim Meteorite Show 2026<\/strong> is planned for 20-21 June 2026. More detailed information by the organisors will be available here in April 2026.<\/p>\n\n\n\n<p class=\"justify-text has-medium-font-size\">La <strong>Bourse aux M\u00e9t\u00e9orites \u00e0 Ensisheim 2026<\/strong> est pr\u00e9vu les 20 et 21 juin 2026. Des informations plus d\u00e9taill\u00e9es fournies par les organisateurs seront disponibles ici en avril 2026.<\/p>\n\n\n\n<p class=\"justify-text has-medium-font-size\">Die <strong>Ensisheimer Meteoritenb\u00f6rse 2026<\/strong> ist f\u00fcr 21.-22. Juni 2026 geplant. Genauere Informationen der Organisatoren werden im April 2026 an dieser Stelle zu finden sein.<\/p>\n\n\n\n<div style=\"height:21px\" aria-hidden=\"true\" class=\"wp-block-spacer\"><\/div>\n\n\n<p><!-- \/wp:paragraph --><\/p>","protected":false},"excerpt":{"rendered":"<p>25th &#8220;ENSISHEIM METEORITE SHOW&#8221; 2026 The Ensisheim Meteorite Show 2026 is planned for 20-21 June 2026. More detailed information by the organisors will be available here in April 2026. La Bourse aux M\u00e9t\u00e9orites \u00e0 Ensisheim&#8230;<\/p>\n","protected":false},"author":1,"featured_media":0,"parent":0,"menu_order":0,"comment_status":"closed","ping_status":"closed","template":"page-template-wide.php","meta":{"footnotes":""},"_links":{"self":[{"href":"https:\/\/karmaka.de\/index.php?rest_route=\/wp\/v2\/pages\/30851"}],"collection":[{"href":"https:\/\/karmaka.de\/index.php?rest_route=\/wp\/v2\/pages"}],"about":[{"href":"https:\/\/karmaka.de\/index.php?rest_route=\/wp\/v2\/types\/page"}],"author":[{"embeddable":true,"href":"https:\/\/karmaka.de\/index.php?rest_route=\/wp\/v2\/users\/1"}],"replies":[{"embeddable":true,"href":"https:\/\/karmaka.de\/index.php?rest_route=%2Fwp%2Fv2%2Fcomments&post=30851"}],"version-history":[{"count":103,"href":"https:\/\/karmaka.de\/index.php?rest_route=\/wp\/v2\/pages\/30851\/revisions"}],"predecessor-version":[{"id":41089,"href":"https:\/\/karmaka.de\/index.php?rest_route=\/wp\/v2\/pages\/30851\/revisions\/41089"}],"wp:attachment":[{"href":"https:\/\/karmaka.de\/index.php?rest_route=%2Fwp%2Fv2%2Fmedia&parent=30851"}],"curies":[{"name":"wp","href":"https:\/\/api.w.org\/{rel}","templated":true}]}}